{"id":420,"date":"2014-12-21T14:28:03","date_gmt":"2014-12-21T14:28:03","guid":{"rendered":"http:\/\/halisiad.com\/?page_id=420"},"modified":"2015-01-04T17:25:11","modified_gmt":"2015-01-04T17:25:11","slug":"advertising","status":"publish","type":"page","link":"https:\/\/halisiad.com\/en\/advertising","title":{"rendered":"Advertising"},"content":{"rendered":"<div class=\"wpb-content-wrapper\"><p>[vc_row][vc_column width=&#8221;1\/1&#8243;][vc_tabs][vc_tab title=&#8221;Newspaper Advertising Areas&#8221; tab_id=&#8221;1419184598-1-22&#8243;][TS-VCSC-IFrame content_iframe=&#8221;http:\/\/halisiad.com\/egazete\/reklam-alanlari\/&#8221; content_lightbox=&#8221;false&#8221; iframe_width=&#8221;auto&#8221; iframe_width_percent=&#8221;100&#8243; iframe_width_pixel=&#8221;1024&#8243; iframe_height=&#8221;auto&#8221; iframe_height_pixel=&#8221;400&#8243; iframe_transparency=&#8221;true&#8221; lightbox_width=&#8221;auto&#8221; lightbox_width_percent=&#8221;100&#8243; lightbox_width_pixel=&#8221;1024&#8243; lightbox_height=&#8221;auto&#8221; lightbox_height_percent=&#8221;100&#8243; lightbox_height_pixel=&#8221;400&#8243; border_thick=&#8221;1&#8243; border_color=&#8221;#000000&#8243; iframefullwidth=&#8221;false&#8221; breakouts=&#8221;6&#8243; content_iframe_trigger=&#8221;default&#8221; content_iframe_image_simple=&#8221;false&#8221; content_iframe_icon=&#8221;transparent&#8221; content_iframe_iconsize=&#8221;30&#8243; content_iframe_iconcolor=&#8221;#cccccc&#8221; content_iframe_buttontext=&#8221;View Video&#8221; lightbox_effect=&#8221;random&#8221; content_tooltip_css=&#8221;false&#8221; content_tooltip_position=&#8221;ts-simptip-position-top&#8221; margin_top=&#8221;0&#8243; margin_bottom=&#8221;0&#8243;][\/vc_tab][vc_tab title=&#8221;Newspaper Advertising Rates&#8221; tab_id=&#8221;1419184598-2-84&#8243;][vc_column_text]<\/p>\n<h2>Advertising Price List<\/h2>\n<p><em id=\"__mceDel\" style=\"color: #757575;\">0 539 303 32 26<br \/>\n<a style=\"color: #666666;\" href=\"mailto:info@halisiad.com\">info@halisiad.com<\/a><\/em><br \/>\nWidth:24.5 cm Height:37.5 cm Width:12.5 cm Height:18.5 cm<\/p>\n<table border=\"0\" width=\"640\" cellspacing=\"2\" cellpadding=\"2\">\n<tbody>\n<tr bgcolor=\"#EEEEEE\">\n<td colspan=\"2\"><strong>Kar\u015f\u0131l\u0131kl\u0131 \u0130ki Sayfa<\/strong><\/td>\n<td width=\"287\">\u00a05<strong>\u00a0000 TL<\/strong><\/td>\n<\/tr>\n<tr>\n<td width=\"134\">Width: Geni\u015flik<\/td>\n<td width=\"199\">51.5 cm<\/td>\n<td><\/td>\n<\/tr>\n<tr>\n<td>Height: Y\u00fckseklik<\/td>\n<td>37.5 cm<\/td>\n<td><\/td>\n<\/tr>\n<tr>\n<td colspan=\"2\"><\/td>\n<td><\/td>\n<\/tr>\n<tr bgcolor=\"#EEEEEE\">\n<td colspan=\"2\"><strong>Tam Sayfa<\/strong><\/td>\n<td><strong>\u00a03 000 TL<\/strong><\/td>\n<\/tr>\n<tr>\n<td>Width: Geni\u015flik<\/td>\n<td>24,5 cm<\/td>\n<td><\/td>\n<\/tr>\n<tr>\n<td>Height: Y\u00fckseklik<\/td>\n<td>37.5 cm<\/td>\n<td><\/td>\n<\/tr>\n<tr>\n<td colspan=\"2\"><\/td>\n<td><\/td>\n<\/tr>\n<tr bgcolor=\"#EEEEEE\">\n<td colspan=\"2\"><strong>Yar\u0131m Sayfa<\/strong><\/td>\n<td><strong>\u00a02 000 TL<\/strong><\/td>\n<\/tr>\n<tr>\n<td>Width: Geni\u015flik<\/td>\n<td>24,5 cm<\/td>\n<td><\/td>\n<\/tr>\n<tr>\n<td>Height: Y\u00fckseklik<\/td>\n<td>18.5 cm<\/td>\n<td><\/td>\n<\/tr>\n<tr>\n<td colspan=\"2\"><\/td>\n<td><\/td>\n<\/tr>\n<tr bgcolor=\"#EEEEEE\">\n<td colspan=\"2\"><strong>\u00c7eyrek Sayfa<\/strong><\/td>\n<td><strong>\u00a01 500 TL<\/strong><\/td>\n<\/tr>\n<tr>\n<td>Width: Geni\u015flik<\/td>\n<td>12,5 cm<\/td>\n<td><\/td>\n<\/tr>\n<tr>\n<td>Height: Y\u00fckseklik<\/td>\n<td>18.5 cm<\/td>\n<td><\/td>\n<\/tr>\n<tr>\n<td colspan=\"2\"><\/td>\n<td><\/td>\n<\/tr>\n<tr bgcolor=\"#EEEEEE\">\n<td colspan=\"2\"><strong>Kapak ( 1. Sayfa) YARIM<\/strong><\/td>\n<td><strong>\u00a010 000 TL<\/strong><\/td>\n<\/tr>\n<tr>\n<td>Width: Geni\u015flik<\/td>\n<td><\/td>\n<td><\/td>\n<\/tr>\n<tr>\n<td>Height: Y\u00fckseklik<\/td>\n<td>18.5 cm<\/td>\n<td><\/td>\n<\/tr>\n<tr>\n<td colspan=\"2\"><\/td>\n<td><\/td>\n<\/tr>\n<tr bgcolor=\"#EEEEEE\">\n<td colspan=\"2\"><strong>\u00d6n kapak \u015ferit (1 sayfa )<\/strong><\/td>\n<td>\u00a0<strong>5 000 TL<\/strong><\/td>\n<\/tr>\n<tr>\n<td>Width: Geni\u015flik<\/td>\n<td>24,5 cm<\/td>\n<td><\/td>\n<\/tr>\n<tr>\n<td>Height: Y\u00fckseklik<\/td>\n<td>5,5 cm<\/td>\n<td><\/td>\n<\/tr>\n<tr>\n<td colspan=\"2\"><\/td>\n<td><\/td>\n<\/tr>\n<tr bgcolor=\"#EEEEEE\">\n<td colspan=\"2\"><strong>Arka Kapak Tam sayfa<\/strong><\/td>\n<td><strong>\u00a010 000 TL<\/strong><\/td>\n<\/tr>\n<tr>\n<td>Width: Geni\u015flik<\/td>\n<td>24,5 cm<\/td>\n<td><\/td>\n<\/tr>\n<tr>\n<td>Height: Y\u00fckseklik<\/td>\n<td>37.5 cm<\/td>\n<td><\/td>\n<\/tr>\n<tr>\n<td><\/td>\n<td><\/td>\n<td><\/td>\n<\/tr>\n<\/tbody>\n<\/table>\n<p><strong>HALI SANAY\u0130 \u0130\u015eADAMLARI GAZETES\u0130 KATILIM KO\u015eULLARI<\/strong><\/p>\n<p>Reklam fiyatlar\u0131 i\u00e7in l\u00fctfen <span style=\"color: #ff0000;\"><a href=\"mailto:fikret@halisiad.com\"><span style=\"color: #ff0000;\">fikret@halisiad.com<\/span><\/a><\/span> adresinden irtibata ge\u00e7iniz.<\/p>\n<p><strong>\u00d6DEME KO\u015eULLARI:<\/strong><br \/>\n\u00d6demeler PE\u015e\u0130N olarak yay\u0131n tarihinden \u00f6nce yap\u0131l\u0131r. Fiyatlara % 18 KDV dahil de\u011fildir. Gazete yay\u0131n tarihine kadar \u00f6demesi yap\u0131lmam\u0131\u015f ilan s\u00f6zle\u015fmeleri iptal edilecektir.<\/p>\n<p>Get D\u0131\u015f Ticaret Orman \u00dcr\u00fcnleri ve Matbaa Reklam Hiz. LTD. \u015eT\u0130<br \/>\nEmirsultan Mah. 238 sok. Y\u0131ld\u0131r\u0131m Yap\u0131 Koop<br \/>\nBatuhan Apt. Kat: 2 Daire : 4 Karacabey \/ Bursa<\/p>\n<p>Karacabey VD 394 045 8387<\/p>\n<p>Ticaret sicil no: 3263 \/ Karacabey<\/p>\n<p>Tel: 0 539 303 32 26\u00a0<a href=\"http:\/\/halisiad.com\/\">halisiad.com<\/a>\u00a0<a href=\"mailto:info@halisiad.com\">info@halisiad.com<\/a><\/p>\n<p><strong>DEN\u0130Z BANK:<\/strong><br \/>\n\u015e\u0130\u015eL\u0130 \u015eB:3070-6116934-352<br \/>\n3070 \u015fube kodu<br \/>\nTRL IBAN: TR 94 0013 4000 0061 1693 4000 01<br \/>\nEUR IBAN: TR 67 0013 4000 0061 1693 4000 02<\/p>\n<p>USD IBAN :TR18 0013 4000 0061 1693 4000 11<\/p>\n<p>SWIFT KODU: DENITRISXXX<\/p>\n<p>\u0130yi \u00e7al\u0131\u015fmalar dile\u011fiyle,<\/p>\n<p>HALI Gazetesi[\/vc_column_text][\/vc_tab][vc_tab title=&#8221;Web Reklam Alanlar\u0131&#8221; tab_id=&#8221;1419184706459-2-8&#8243;][vc_column_text]<img loading=\"lazy\" decoding=\"async\" class=\"alignnone size-full wp-image-327\" src=\"http:\/\/halisiad.com\/wp-content\/uploads\/web-reklam-alanlari.jpg\" alt=\"web-reklam-alanlari\" width=\"1075\" height=\"2399\" srcset=\"https:\/\/halisiad.com\/wp-content\/uploads\/web-reklam-alanlari.jpg 1075w, https:\/\/halisiad.com\/wp-content\/uploads\/web-reklam-alanlari-134x300.jpg 134w, https:\/\/halisiad.com\/wp-content\/uploads\/web-reklam-alanlari-459x1024.jpg 459w, https:\/\/halisiad.com\/wp-content\/uploads\/web-reklam-alanlari-700x1562.jpg 700w, https:\/\/halisiad.com\/wp-content\/uploads\/web-reklam-alanlari-160x357.jpg 160w, https:\/\/halisiad.com\/wp-content\/uploads\/web-reklam-alanlari-216x483.jpg 216w\" sizes=\"auto, (max-width: 1075px) 100vw, 1075px\" \/>[\/vc_column_text][\/vc_tab][vc_tab title=&#8221;Web Reklam Fiyatlar\u0131&#8221; tab_id=&#8221;1419184725119-3-4&#8243;][vc_column_text]<strong>WWW.HALIGAZETESI.COM S\u0130TES\u0130N\u0130N RESM\u0130 BANNER F\u0130YAT L\u0130STES\u0130<\/strong><\/p>\n<table border=\"0\" width=\"640\" cellspacing=\"4\" cellpadding=\"4\">\n<tbody>\n<tr align=\"left\">\n<th scope=\"col\" bgcolor=\"#eee\" width=\"111\">Banner Alan\u0131<\/th>\n<th scope=\"col\" bgcolor=\"#eee\" width=\"81\">\u00d6l\u00e7\u00fc<\/th>\n<th scope=\"col\" align=\"right\" bgcolor=\"#eee\" width=\"133\">Haftal\u0131k \u00dccret<\/th>\n<th scope=\"col\" align=\"right\" bgcolor=\"#eee\" width=\"133\">Ayl\u0131k \u00dccret<\/th>\n<th scope=\"col\" align=\"right\" bgcolor=\"#eee\" width=\"150\">Y\u0131ll\u0131k \u00dccret<\/th>\n<\/tr>\n<tr>\n<th scope=\"row\" align=\"left\" bgcolor=\"#eee\">A1<\/th>\n<td>180 x 650<\/td>\n<td align=\"right\">1000 TL + KDV<\/td>\n<td align=\"right\">4000 TL + KDV<\/td>\n<td align=\"right\">30.000 TL + KDV<\/td>\n<\/tr>\n<tr>\n<th scope=\"row\" align=\"left\" bgcolor=\"#eee\">A2<\/th>\n<td>180 x 650<\/td>\n<td align=\"right\">1000 TL + KDV<\/td>\n<td align=\"right\">4000 TL + KDV<\/td>\n<td align=\"right\">30.000 TL + KDV<\/td>\n<\/tr>\n<tr>\n<th scope=\"row\" align=\"left\" bgcolor=\"#eee\">B1<\/th>\n<td>728&#215;150<\/td>\n<td align=\"right\">750 TL + KDV<\/td>\n<td align=\"right\">2500 TL + KDV<\/td>\n<td align=\"right\">20.000 TL + KDV<\/td>\n<\/tr>\n<tr>\n<th scope=\"row\" align=\"left\" bgcolor=\"#eee\">C1<\/th>\n<td>468&#215;60<\/td>\n<td align=\"right\">500 TL + KDV<\/td>\n<td align=\"right\">2000 TL + KDV<\/td>\n<td align=\"right\">15.000 TL + KDV<\/td>\n<\/tr>\n<tr>\n<th scope=\"row\" align=\"left\" bgcolor=\"#eee\">C2<\/th>\n<td>468&#215;60<\/td>\n<td align=\"right\">500 TL + KDV<\/td>\n<td align=\"right\">2000 TL + KDV<\/td>\n<td align=\"right\">15.000 TL + KDV<\/td>\n<\/tr>\n<tr>\n<th scope=\"row\" align=\"left\" bgcolor=\"#eee\">Facebook<\/th>\n<td>830&#215;315<\/td>\n<td align=\"right\">250 TL + KDV<\/td>\n<td align=\"right\">1000 TL + KDV<\/td>\n<td align=\"right\"><\/td>\n<\/tr>\n<tr>\n<th scope=\"row\" align=\"left\" bgcolor=\"#eee\">E1-E2<\/th>\n<td>336\u00a0x 280<\/td>\n<td align=\"right\">1000 TL + KDV<\/td>\n<td align=\"right\">3000 TL + KDV<\/td>\n<td align=\"right\">36.000 TL + KDV<\/td>\n<\/tr>\n<tr>\n<th scope=\"row\" align=\"left\" bgcolor=\"#eee\">C 4<\/th>\n<td>336\u00a0x 280<\/td>\n<td align=\"right\">1000 TL + KDV<\/td>\n<td align=\"right\">3000 TL + KDV<\/td>\n<td align=\"right\">36.000 TL + KDV<\/td>\n<\/tr>\n<tr>\n<th scope=\"row\" align=\"left\" bgcolor=\"#eee\">Ana Haber<\/th>\n<td>Haber \u0130lan<\/td>\n<td align=\"right\">750 TL + KDV<\/td>\n<td align=\"right\">2500 TL + KDV<\/td>\n<td align=\"right\">&#8211;<\/td>\n<\/tr>\n<\/tbody>\n<\/table>\n<p><strong>A\u00c7IKLAMALAR:<\/strong><\/p>\n<p><strong>A1 ALANI:\u00a0A2 ALANI:<\/strong><br \/>\nS\u0130TEN\u0130N A\u00c7ILI\u015e SAYFASINDA EN \u00dcST VE \u0130K\u0130 YANDAK\u0130 DUVAR KISMIDIR.<br \/>\nV\u0130P BANNER ALANIDIR.<br \/>\n\u0130LAN S\u00dcREC\u0130NDE TEK B\u0130R F\u0130RMAYA TAHS\u0130S OLUNUR<\/p>\n<p><strong>B1 ALANI:<\/strong><br \/>\nS\u0130TEN\u0130N\u00a0 LOGO YANINDA BULUNUR.<br \/>\nBU BANNER HAREKETL\u0130D\u0130R<\/p>\n<p><strong>C1 ALANI:<\/strong><br \/>\nANA HABER BUTONU ALTINDADIR.<br \/>\nBU BANNER HAREKETL\u0130D\u0130R<br \/>\nSADECE TEK B\u0130R F\u0130RMAYA TAHS\u0130S\u0130 ED\u0130L\u0130R.<\/p>\n<p><strong>C2 ALANI:<\/strong><br \/>\nSEKT\u00d6RDEN HABER ALANI ALTINDADIR.<br \/>\nBU BANNER HAREKETS\u0130ZD\u0130R<br \/>\nSADECE TEK B\u0130R F\u0130RMAYA TAHS\u0130S\u0130 ED\u0130L\u0130R.<\/p>\n<p><strong>C4 ALANI<\/strong><br \/>\nE\u011e\u0130T\u0130M\u00a0HABER BUTONU ALTINDADIR.<br \/>\nBU BANNER HAREKETL\u0130D\u0130R<\/p>\n<p><strong>E1 ALANI :<\/strong><br \/>\nMAN\u015eET\u0130N YANINDA\u00a0\u00a0YER ALIR.<br \/>\nBU BANNER HAREKETL\u0130D\u0130R<\/p>\n<p><strong>ANA HABERLERDE HABER \u0130LAN :<\/strong><br \/>\nS\u0130TEN\u0130N A\u00c7ILI\u015e SAYFASINDA ANA HABER BUTON KISMIDIR.<br \/>\nV\u0130P BANNER ALANIDIR.<br \/>\n\u0130LAN S\u00dcREC\u0130NDE TEK B\u0130R HABER \u0130LAN YAYINLANIR.<br \/>\nSIRA \u0130LE HABER VE HABER \u0130LANLAR YER DE\u011e\u0130\u015eT\u0130R\u0130R<br \/>\nYILLIK S\u00d6ZLE\u015eME YAPILMAZ.[\/vc_column_text][\/vc_tab][\/vc_tabs][\/vc_column][\/vc_row]<\/p>\n<\/div>","protected":false},"excerpt":{"rendered":"<div class=\"mh-excerpt\"><p>[vc_row][vc_column width=&#8221;1\/1&#8243;][vc_tabs][vc_tab title=&#8221;Newspaper Advertising Areas&#8221; tab_id=&#8221;1419184598-1-22&#8243;][TS-VCSC-IFrame content_iframe=&#8221;http:\/\/halisiad.com\/egazete\/reklam-alanlari\/&#8221; content_lightbox=&#8221;false&#8221; iframe_width=&#8221;auto&#8221; iframe_width_percent=&#8221;100&#8243; iframe_width_pixel=&#8221;1024&#8243; iframe_height=&#8221;auto&#8221; iframe_height_pixel=&#8221;400&#8243; iframe_transparency=&#8221;true&#8221; lightbox_width=&#8221;auto&#8221; lightbox_width_percent=&#8221;100&#8243; lightbox_width_pixel=&#8221;1024&#8243; lightbox_height=&#8221;auto&#8221; lightbox_height_percent=&#8221;100&#8243; lightbox_height_pixel=&#8221;400&#8243; border_thick=&#8221;1&#8243; border_color=&#8221;#000000&#8243; iframefullwidth=&#8221;false&#8221; breakouts=&#8221;6&#8243; content_iframe_trigger=&#8221;default&#8221; content_iframe_image_simple=&#8221;false&#8221; content_iframe_icon=&#8221;transparent&#8221; content_iframe_iconsize=&#8221;30&#8243; content_iframe_iconcolor=&#8221;#cccccc&#8221; content_iframe_buttontext=&#8221;View Video&#8221; lightbox_effect=&#8221;random&#8221; content_tooltip_css=&#8221;false&#8221; content_tooltip_position=&#8221;ts-simptip-position-top&#8221; margin_top=&#8221;0&#8243; <a class=\"mh-excerpt-more\" href=\"https:\/\/halisiad.com\/en\/advertising\" title=\"Advertising\">[&#8230;]<\/a><\/p>\n<\/div>","protected":false},"author":1,"featured_media":0,"parent":0,"menu_order":0,"comment_status":"closed","ping_status":"closed","template":"template-full.php","meta":{"footnotes":"","_links_to":"","_links_to_target":""},"class_list":["post-420","page","type-page","status-publish","hentry"],"_links":{"self":[{"href":"https:\/\/halisiad.com\/en\/wp-json\/wp\/v2\/pages\/420","targetHints":{"allow":["GET"]}}],"collection":[{"href":"https:\/\/halisiad.com\/en\/wp-json\/wp\/v2\/pages"}],"about":[{"href":"https:\/\/halisiad.com\/en\/wp-json\/wp\/v2\/types\/page"}],"author":[{"embeddable":true,"href":"https:\/\/halisiad.com\/en\/wp-json\/wp\/v2\/users\/1"}],"replies":[{"embeddable":true,"href":"https:\/\/halisiad.com\/en\/wp-json\/wp\/v2\/comments?post=420"}],"version-history":[{"count":3,"href":"https:\/\/halisiad.com\/en\/wp-json\/wp\/v2\/pages\/420\/revisions"}],"predecessor-version":[{"id":423,"href":"https:\/\/halisiad.com\/en\/wp-json\/wp\/v2\/pages\/420\/revisions\/423"}],"wp:attachment":[{"href":"https:\/\/halisiad.com\/en\/wp-json\/wp\/v2\/media?parent=420"}],"curies":[{"name":"wp","href":"https:\/\/api.w.org\/{rel}","templated":true}]}}