{"id":418,"date":"2014-12-21T13:36:36","date_gmt":"2014-12-21T13:36:36","guid":{"rendered":"http:\/\/halisiad.com\/?page_id=418"},"modified":"2015-01-04T17:17:51","modified_gmt":"2015-01-04T17:17:51","slug":"owner","status":"publish","type":"page","link":"https:\/\/halisiad.com\/en\/owner","title":{"rendered":"Owner"},"content":{"rendered":"<p><strong>Concessionaire:<\/strong><br \/>\nGET DI\u015e T\u0130CARET ORMAN \u00dcR\u00dcNLER\u0130 VE MATBAA REKLAM HIZMETLER\u0130. LTD.ST\u0130. Ad\u0131na<br \/>\nFikret Demir<\/p>\n<p><strong>Management Contact Address:<\/strong><br \/>\nGET D\u0131\u015f Ticaret Orman \u00dcr\u00fcnleri ve Matbaa Reklam Hizmetleri. Ltd. \u015eti.<br \/>\nEmirsultan Mah. 238 sok. Y\u0131ld\u0131r\u0131m Yap\u0131 Koop<br \/>\nBatuhan Apt. Kat: 2 Daire : 4 Karacabey \/ Bursa<\/p>\n<p>Karacabey VD 394 045 8387<br \/>\nTicaret sicil no: 3263 \/ Karacabey<\/p>\n<p><strong>Editorial and Managing Director:<\/strong><br \/>\nFikret Demir<br \/>\n0 539 303 32 26<br \/>\n<a href=\"mailto:info@halisiad.com\/\">info@halisiad.com<\/a><\/p>\n<p><strong>Art Director:<\/strong><br \/>\nHakan \u015eener<br \/>\n0 535 356 06 98<br \/>\n<a href=\"mailto:art@halisiad.com\">art@halisiad.com<\/a><\/p>\n<p><strong>Head of Advertising Group:<\/strong><br \/>\nUmut Egitimci<br \/>\n+90-532-297 3774<br \/>\n<a href=\"mailto:umut@halisiad.com\">umut@orsiad.com.tr<\/a><\/p>\n<p><strong>E-Newspaper \/ Webmaster:<\/strong><br \/>\nErdo\u011fan Akta\u015f<br \/>\n0533-542 5351<br \/>\n<a href=\"mailto:webmaster@halisiad.com\">webmaster@halisiad.com<\/a><\/p>\n<p><strong>For Advertising Reservations:<\/strong><br \/>\n<a href=\"mailto:reklam@halisiad.com\">reklam@halisiad.com<\/a><\/p>\n<p><strong>Printing House:<\/strong><br \/>\nTeknik Bas\u0131m Matbaac\u0131l\u0131k<br \/>\nKeyap Ticaret Merkezi Bostanc\u0131 Yolu Cad.<br \/>\nF1 Blok\u00a0No:93 Y.Dudullu \/ \u0130stanbul<\/p>\n<p><strong>Distributor:<\/strong><br \/>\nPTT \u2013 POSTA ve KARGO<\/p>\n<p>Her t\u00fcrl\u00fc konu hakk\u0131nda\u00a0 <a href=\"mailto:info@halisiad.com\">info@halisiad.com<\/a> adresine mail atabilirsiniz.<\/p>\n<p>Hal\u0131 Sanayi \u0130\u015f Adamlar\u0131 Gazetesi yayg\u0131n s\u00fcreli bir yay\u0131nd\u0131r. Hal\u0131 Sanayi \u0130\u015f Adamlar\u0131 Gazetesinde yay\u0131mlanan haber, yaz\u0131, resim ve foto\u011fraflar\u0131n FSEK ve Bas\u0131n Kanunundan kaynaklanan her t\u00fcrl\u00fc haklar\u0131 GET D\u0131\u015f Ticaret Orman \u00dcr\u00fcnleri ve Matbaa Reklam Hizmetleri Limited \u015eirketine aittir. \u0130zin al\u0131nmaks\u0131z\u0131n, kaynak g\u00f6sterilerek dahi iktibas edilemez.<\/p>\n","protected":false},"excerpt":{"rendered":"<div class=\"mh-excerpt\"><p>Concessionaire: GET DI\u015e T\u0130CARET ORMAN \u00dcR\u00dcNLER\u0130 VE MATBAA REKLAM HIZMETLER\u0130. LTD.ST\u0130. Ad\u0131na Fikret Demir Management Contact Address: GET D\u0131\u015f Ticaret Orman \u00dcr\u00fcnleri ve Matbaa Reklam Hizmetleri. Ltd. \u015eti. Emirsultan Mah. 238 sok. Y\u0131ld\u0131r\u0131m Yap\u0131 Koop <a class=\"mh-excerpt-more\" href=\"https:\/\/halisiad.com\/en\/owner\" title=\"Owner\">[&#8230;]<\/a><\/p>\n<\/div>","protected":false},"author":1,"featured_media":0,"parent":0,"menu_order":0,"comment_status":"closed","ping_status":"closed","template":"template-full.php","meta":{"footnotes":"","_links_to":"","_links_to_target":""},"class_list":["post-418","page","type-page","status-publish","hentry"],"_links":{"self":[{"href":"https:\/\/halisiad.com\/en\/wp-json\/wp\/v2\/pages\/418","targetHints":{"allow":["GET"]}}],"collection":[{"href":"https:\/\/halisiad.com\/en\/wp-json\/wp\/v2\/pages"}],"about":[{"href":"https:\/\/halisiad.com\/en\/wp-json\/wp\/v2\/types\/page"}],"author":[{"embeddable":true,"href":"https:\/\/halisiad.com\/en\/wp-json\/wp\/v2\/users\/1"}],"replies":[{"embeddable":true,"href":"https:\/\/halisiad.com\/en\/wp-json\/wp\/v2\/comments?post=418"}],"version-history":[{"count":1,"href":"https:\/\/halisiad.com\/en\/wp-json\/wp\/v2\/pages\/418\/revisions"}],"predecessor-version":[{"id":419,"href":"https:\/\/halisiad.com\/en\/wp-json\/wp\/v2\/pages\/418\/revisions\/419"}],"wp:attachment":[{"href":"https:\/\/halisiad.com\/en\/wp-json\/wp\/v2\/media?parent=418"}],"curies":[{"name":"wp","href":"https:\/\/api.w.org\/{rel}","templated":true}]}}