{"id":409,"date":"2014-12-21T14:28:27","date_gmt":"2014-12-21T14:28:27","guid":{"rendered":"http:\/\/halisiad.com\/?page_id=409"},"modified":"2015-01-04T12:13:52","modified_gmt":"2015-01-04T12:13:52","slug":"distribute","status":"publish","type":"page","link":"https:\/\/halisiad.com\/en\/distribute","title":{"rendered":"Distribution List"},"content":{"rendered":"<p>Hal\u0131 Sanayi \u0130\u015f Adamlar\u0131 Gazetesi, Hal\u0131c\u0131l\u0131k sekt\u00f6r\u00fcne y\u00f6nelik \u00fccretsiz da\u011f\u0131t\u0131lan ayl\u0131k bas\u0131l\u0131 yay\u0131nd\u0131r. Sekt\u00f6r ve sekt\u00f6rde \u00fcretilen malzemeler hakk\u0131nda geli\u015fmeleri yak\u0131ndan takip eder, yenilikleri en do\u011fru \u015fekilde okuyucular\u0131na aktar\u0131r. Hal\u0131 Gazetesinin di\u011ferlerinden fark\u0131, sadece bu sekt\u00f6r hakk\u0131nda ayr\u0131nt\u0131l\u0131 bilgi veren ve t\u00fcm sekt\u00f6re \u00fccretsiz olarak da\u011f\u0131t\u0131lan tek gazete olmas\u0131d\u0131r.<\/p>\n<p>Hal\u0131 Sanayi \u0130\u015f Adamlar\u0131 Gazetesi i\u00e7eri\u011finde, kurumlar aras\u0131 ileti\u015fim k\u00f6pr\u00fcs\u00fc kurmak ve sekt\u00f6r\u00fcn geli\u015fimine destek olmak amac\u0131yla; var olan t\u00fcm kurum, dernek ve oda ba\u015fkanlar\u0131na sorunlara i\u015faret edebilecekleri, \u00e7\u00f6z\u00fcm \u00f6nerilerini sunabilecekleri k\u00f6\u015feler tahsis edilmi\u015ftir.<\/p>\n<p>Hal\u0131 Sanayi \u0130\u015f Adamalar\u0131 Gazetesi haber k\u00f6\u015felerinde; sekt\u00f6rle ilgili yeniliklere, etkinliklere ve sekt\u00f6rde \u00fcretim yapan firmalar\u0131n ayr\u0131nt\u0131l\u0131 bilgilerine yer verilir. Bu sayede okuyucular, yeni \u00fcretilen bir \u00fcr\u00fcn, yeni a\u00e7\u0131lan bir fabrika veya bir etkinlikten haber al\u0131rken, duyurmak istedikleri konular\u0131 da t\u00fcm sekt\u00f6re do\u011frudan ula\u015ft\u0131rabilirler. Hal\u0131 Gazetesinin haber k\u00f6\u015feleri rafine hedef kitleye dolays\u0131z ula\u015fma imkan\u0131 verir.<\/p>\n<p>Hal\u0131 Sanayi \u0130\u015f Adamalar\u0131 Gazetesi, PTT ile yap\u0131lan \u00f6zel anla\u015fmayla i\u015f adamlar\u0131na PTT Posta ve Kargo ile \u00dcCRETS\u0130Z olarak ula\u015ft\u0131r\u0131l\u0131r.<\/p>\n<p>Hal\u0131 sanayisinde \u00fcretilen ya da ithalat\u0131 yap\u0131lan Hal\u0131, Kilim vb \u00fcr\u00fcnlerin sat\u0131\u015f\u0131n\u0131 yapan, bu \u00fcr\u00fcnlerden mobilya, \u00a0\u00fcreten toptanc\u0131lar ve sat\u0131\u015f noktalar\u0131n\u0131n tamam\u0131na \u00dcCRETS\u0130Z olarak da\u011f\u0131t\u0131l\u0131r.<\/p>\n<p><strong>Da\u011f\u0131t\u0131m Y\u00fczdeleri :<\/strong><\/p>\n<p>Hal\u0131,Kilim, Mobilya, Dekorasyon \u00fcr\u00fcnleri Toptanc\u0131,Perakende Sat\u0131c\u0131lar\u0131, Bayiler, Uygulamac\u0131lar % 50<\/p>\n<p>Yurt d\u0131\u015f\u0131\u00a0 Fuarlar %\u00a020<\/p>\n<p>Yurt i\u00e7i \u00a0Fuarlar %15<\/p>\n<p>Hal\u0131,Kilim, \u00dctetici ve \u0130thalatc\u0131 Firma Sahipleri\u00a0% 10<\/p>\n<p>Hal\u0131\u00a0ve Yan\u00a0\u00dcr\u00fcnleri Makineleri, El Gere\u00e7leri \u00dcretici, \u0130thalat\u00e7\u0131 ve Sat\u0131c\u0131 Kurulu\u015flar % 3<br \/>\nSekt\u00f6r Dernekleri, \u0130\u00e7 Mimarlar, % 2<\/p>\n<p>Da\u011f\u0131t\u0131m yap\u0131lan firmalar\u0131n detaylar\u0131na info@halisiad.com adresine mail atarak ula\u015fabilirsiniz.<\/p>\n<p>\u0130yi \u00e7al\u0131\u015fmalar dile\u011fiyle,<\/p>\n<p>Hal\u0131 Gazetesi<\/p>\n","protected":false},"excerpt":{"rendered":"<div class=\"mh-excerpt\"><p>Hal\u0131 Sanayi \u0130\u015f Adamlar\u0131 Gazetesi, Hal\u0131c\u0131l\u0131k sekt\u00f6r\u00fcne y\u00f6nelik \u00fccretsiz da\u011f\u0131t\u0131lan ayl\u0131k bas\u0131l\u0131 yay\u0131nd\u0131r. Sekt\u00f6r ve sekt\u00f6rde \u00fcretilen malzemeler hakk\u0131nda geli\u015fmeleri yak\u0131ndan takip eder, yenilikleri en do\u011fru \u015fekilde okuyucular\u0131na aktar\u0131r. Hal\u0131 Gazetesinin di\u011ferlerinden fark\u0131, sadece bu <a class=\"mh-excerpt-more\" href=\"https:\/\/halisiad.com\/en\/distribute\" title=\"Distribution List\">[&#8230;]<\/a><\/p>\n<\/div>","protected":false},"author":1,"featured_media":0,"parent":0,"menu_order":0,"comment_status":"closed","ping_status":"closed","template":"","meta":{"footnotes":"","_links_to":"","_links_to_target":""},"class_list":["post-409","page","type-page","status-publish","hentry"],"_links":{"self":[{"href":"https:\/\/halisiad.com\/en\/wp-json\/wp\/v2\/pages\/409","targetHints":{"allow":["GET"]}}],"collection":[{"href":"https:\/\/halisiad.com\/en\/wp-json\/wp\/v2\/pages"}],"about":[{"href":"https:\/\/halisiad.com\/en\/wp-json\/wp\/v2\/types\/page"}],"author":[{"embeddable":true,"href":"https:\/\/halisiad.com\/en\/wp-json\/wp\/v2\/users\/1"}],"replies":[{"embeddable":true,"href":"https:\/\/halisiad.com\/en\/wp-json\/wp\/v2\/comments?post=409"}],"version-history":[{"count":2,"href":"https:\/\/halisiad.com\/en\/wp-json\/wp\/v2\/pages\/409\/revisions"}],"predecessor-version":[{"id":411,"href":"https:\/\/halisiad.com\/en\/wp-json\/wp\/v2\/pages\/409\/revisions\/411"}],"wp:attachment":[{"href":"https:\/\/halisiad.com\/en\/wp-json\/wp\/v2\/media?parent=409"}],"curies":[{"name":"wp","href":"https:\/\/api.w.org\/{rel}","templated":true}]}}